{"id":942,"date":"2024-02-13T22:44:02","date_gmt":"2024-02-13T22:44:02","guid":{"rendered":"https:\/\/improlala.com\/?page_id=942"},"modified":"2024-02-13T22:44:02","modified_gmt":"2024-02-13T22:44:02","slug":"marie","status":"publish","type":"page","link":"https:\/\/improlala.com\/?page_id=942","title":{"rendered":"Marie"},"content":{"rendered":"<p>[et_pb_section fb_built=\u00a0\u00bb1&Prime; _builder_version=\u00a0\u00bb4.14.7&Prime; _module_preset=\u00a0\u00bbdefault\u00a0\u00bb global_colors_info=\u00a0\u00bb{}\u00a0\u00bb][et_pb_row _builder_version=\u00a0\u00bb4.14.7&Prime; _module_preset=\u00a0\u00bbdefault\u00a0\u00bb custom_padding=\u00a0\u00bb50px||||false|false\u00a0\u00bb global_colors_info=\u00a0\u00bb{}\u00a0\u00bb][et_pb_column type=\u00a0\u00bb4_4&Prime; _builder_version=\u00a0\u00bb4.14.7&Prime; _module_preset=\u00a0\u00bbdefault\u00a0\u00bb global_colors_info=\u00a0\u00bb{}\u00a0\u00bb][et_pb_text _builder_version=\u00a0\u00bb4.14.7&Prime; _module_preset=\u00a0\u00bbdefault\u00a0\u00bb text_font=\u00a0\u00bbMontserrat|700|||||||\u00a0\u00bb text_font_size=\u00a0\u00bb28px\u00a0\u00bb hover_enabled=\u00a0\u00bb0&Prime; global_colors_info=\u00a0\u00bb{}\u00a0\u00bb sticky_enabled=\u00a0\u00bb0&Prime;]<\/p>\n<p>Marie Shirl<\/p>\n<p>[\/et_pb_text][et_pb_text _builder_version=\u00a0\u00bb4.14.7&Prime; _module_preset=\u00a0\u00bbdefault\u00a0\u00bb text_font=\u00a0\u00bbMontserrat|500|||||||\u00a0\u00bb text_font_size=\u00a0\u00bb16px\u00a0\u00bb custom_padding=\u00a0\u00bb20px||||false|false\u00a0\u00bb locked=\u00a0\u00bboff\u00a0\u00bb global_colors_info=\u00a0\u00bb{}\u00a0\u00bb]<\/p>\n<p><span>Coach de danse improvis\u00e9e<\/span><\/p>\n<p>[\/et_pb_text][et_pb_image src=\u00a0\u00bbhttp:\/\/improlala.com\/wp-content\/uploads\/2024\/02\/marie_shiri.jpg\u00a0\u00bb title_text=\u00a0\u00bbmarie_shiri\u00a0\u00bb _builder_version=\u00a0\u00bb4.14.7&Prime; _module_preset=\u00a0\u00bbdefault\u00a0\u00bb max_width=\u00a0\u00bb30%\u00a0\u00bb custom_padding=\u00a0\u00bb20px||||false|false\u00a0\u00bb global_colors_info=\u00a0\u00bb{}\u00a0\u00bb][\/et_pb_image][et_pb_text _builder_version=\u00a0\u00bb4.14.7&Prime; _module_preset=\u00a0\u00bbdefault\u00a0\u00bb text_font=\u00a0\u00bbMontserrat|500|||||||\u00a0\u00bb text_font_size=\u00a0\u00bb13px\u00a0\u00bb text_line_height=\u00a0\u00bb1.4em\u00a0\u00bb text_orientation=\u00a0\u00bbjustified\u00a0\u00bb custom_margin=\u00a0\u00bb||60px||false|false\u00a0\u00bb custom_padding=\u00a0\u00bb14px||||false|false\u00a0\u00bb global_colors_info=\u00a0\u00bb{}\u00a0\u00bb]<\/p>\n<p class=\"p1\">Franco-canadienne, Marie est passionn\u00e9e de danse et d\u2019arts martiaux depuis toujours. Apr\u00e8s avoir obtenu son prix au Conservatoire Sup\u00e9rieur de Paris et avoir \u00e9tudi\u00e9 en Inde, elle travaille pendant 8 ans en Asie et Australie o\u00f9 elle danse et chante pour de nombreux spectacles et com\u00e9dies musicales. L\u00e0-bas elle devient chor\u00e9graphe pour plusieurs agences \u00e9v\u00e9nementielles, d\u00e9fil\u00e9s et artistes \u00e9minents ainsi que pour des marques prestigieuses telles que Jean-Paul Gaultier, Givenchy, Calvin Klein etc\u2026<\/p>\n<p class=\"p1\">Elle gagne des battles de hip-hop et d\u00e9veloppe le Burlesque \u00e0 Singapour.<\/p>\n<p class=\"p1\">Apr\u00e8s plusieurs exp\u00e9riences en bateaux de croisi\u00e8res, elle rentre en France et danse notamment dans la com\u00e9die musicale Le Roi Lion de Disney, The Empire Strips back, la parodie burlesque de Star Wars, sur des plateaux de t\u00e9l\u00e9vision et int\u00e8gre les jeux vid\u00e9os d\u2019Ubisoft en tant que personnages motion capture ou en tant que danseuse pour le jeu Just Dance.<\/p>\n<p class=\"p1\">En parall\u00e8le, depuis 2011 Marie Shirl d\u00e9veloppe son activit\u00e9 de professeur de yoga, de cascadeuse et coach les \u00e9l\u00e8ves d\u2019improvisation en com\u00e9die musicale depuis plus de 6 ans.<\/p>\n<p>[\/et_pb_text][\/et_pb_column][\/et_pb_row][\/et_pb_section]<\/p>\n","protected":false},"excerpt":{"rendered":"<p>Marie ShirlCoach de danse improvis\u00e9eFranco-canadienne, Marie est passionn\u00e9e de danse et d\u2019arts martiaux depuis toujours. Apr\u00e8s avoir obtenu son prix au Conservatoire Sup\u00e9rieur de Paris et avoir \u00e9tudi\u00e9 en Inde, elle travaille pendant 8 ans en Asie et Australie o\u00f9 elle danse et chante pour de nombreux spectacles et com\u00e9dies musicales. L\u00e0-bas elle devient chor\u00e9graphe [&hellip;]<\/p>\n","protected":false},"author":1,"featured_media":0,"parent":0,"menu_order":0,"comment_status":"closed","ping_status":"closed","template":"","meta":{"_et_pb_use_builder":"on","_et_pb_old_content":"","_et_gb_content_width":"","om_disable_all_campaigns":false},"aioseo_notices":[],"_links":{"self":[{"href":"https:\/\/improlala.com\/index.php?rest_route=\/wp\/v2\/pages\/942"}],"collection":[{"href":"https:\/\/improlala.com\/index.php?rest_route=\/wp\/v2\/pages"}],"about":[{"href":"https:\/\/improlala.com\/index.php?rest_route=\/wp\/v2\/types\/page"}],"author":[{"embeddable":true,"href":"https:\/\/improlala.com\/index.php?rest_route=\/wp\/v2\/users\/1"}],"replies":[{"embeddable":true,"href":"https:\/\/improlala.com\/index.php?rest_route=%2Fwp%2Fv2%2Fcomments&post=942"}],"version-history":[{"count":5,"href":"https:\/\/improlala.com\/index.php?rest_route=\/wp\/v2\/pages\/942\/revisions"}],"predecessor-version":[{"id":953,"href":"https:\/\/improlala.com\/index.php?rest_route=\/wp\/v2\/pages\/942\/revisions\/953"}],"wp:attachment":[{"href":"https:\/\/improlala.com\/index.php?rest_route=%2Fwp%2Fv2%2Fmedia&parent=942"}],"curies":[{"name":"wp","href":"https:\/\/api.w.org\/{rel}","templated":true}]}}