{"id":755,"date":"2023-06-01T22:09:19","date_gmt":"2023-06-01T22:09:19","guid":{"rendered":"https:\/\/improlala.com\/?page_id=755"},"modified":"2023-06-05T20:13:55","modified_gmt":"2023-06-05T20:13:55","slug":"pierre-2","status":"publish","type":"page","link":"https:\/\/improlala.com\/?page_id=755","title":{"rendered":"Les Eux"},"content":{"rendered":"<p>[et_pb_section fb_built=\u00a0\u00bb1&Prime; _builder_version=\u00a0\u00bb4.14.7&Prime; _module_preset=\u00a0\u00bbdefault\u00a0\u00bb global_colors_info=\u00a0\u00bb{}\u00a0\u00bb][et_pb_row _builder_version=\u00a0\u00bb4.14.7&Prime; _module_preset=\u00a0\u00bbdefault\u00a0\u00bb custom_padding=\u00a0\u00bb50px||||false|false\u00a0\u00bb global_colors_info=\u00a0\u00bb{}\u00a0\u00bb][et_pb_column type=\u00a0\u00bb4_4&Prime; _builder_version=\u00a0\u00bb4.14.7&Prime; _module_preset=\u00a0\u00bbdefault\u00a0\u00bb global_colors_info=\u00a0\u00bb{}\u00a0\u00bb][et_pb_text _builder_version=\u00a0\u00bb4.14.7&Prime; _module_preset=\u00a0\u00bbdefault\u00a0\u00bb text_font=\u00a0\u00bbMontserrat|700|||||||\u00a0\u00bb text_font_size=\u00a0\u00bb28px\u00a0\u00bb global_colors_info=\u00a0\u00bb{}\u00a0\u00bb]<\/p>\n<p>Les eux<\/p>\n<p>[\/et_pb_text][et_pb_text _builder_version=\u00a0\u00bb4.14.7&Prime; _module_preset=\u00a0\u00bbdefault\u00a0\u00bb text_font=\u00a0\u00bbMontserrat|500|||||||\u00a0\u00bb text_font_size=\u00a0\u00bb16px\u00a0\u00bb custom_padding=\u00a0\u00bb20px||||false|false\u00a0\u00bb locked=\u00a0\u00bboff\u00a0\u00bb global_colors_info=\u00a0\u00bb{}\u00a0\u00bb]<\/p>\n<p>Coachs d&rsquo;Improvisation Th\u00e9\u00e2trale<\/p>\n<p>[\/et_pb_text][et_pb_text _builder_version=\u00a0\u00bb4.14.7&Prime; _module_preset=\u00a0\u00bbdefault\u00a0\u00bb text_font=\u00a0\u00bbMontserrat|500|||||||\u00a0\u00bb text_font_size=\u00a0\u00bb15px\u00a0\u00bb custom_padding=\u00a0\u00bb15px||||false|false\u00a0\u00bb hover_enabled=\u00a0\u00bb0&Prime; global_colors_info=\u00a0\u00bb{}\u00a0\u00bb text_line_height=\u00a0\u00bb1.4em\u00a0\u00bb sticky_enabled=\u00a0\u00bb0&Prime;]<\/p>\n<p><a href=\"https:\/\/www.euximpro.fr\/\">www.euximpro.fr<\/a><br \/><a href=\"http:\/\/facebook.com\/euximpro\" target=\"_blank\" data-saferedirecturl=\"https:\/\/www.google.com\/url?q=http:\/\/facebook.com\/euximpro&amp;source=gmail&amp;ust=1686077582255000&amp;usg=AOvVaw21DpSubPEdJDtLRo6isW9K\" rel=\"noopener\">facebook.com\/euximpro<\/a><br \/><a href=\"http:\/\/instagram.com\/euximpro\" target=\"_blank\" data-saferedirecturl=\"https:\/\/www.google.com\/url?q=http:\/\/instagram.com\/euximpro&amp;source=gmail&amp;ust=1686077582255000&amp;usg=AOvVaw3n6G6fVGgxYCsgkUaTzt71\" rel=\"noopener\">instagram.com\/euximpro<\/a><\/p>\n<p>[\/et_pb_text][et_pb_image src=\u00a0\u00bbhttp:\/\/improlala.com\/wp-content\/uploads\/2023\/06\/logo-eux-impro.png\u00a0\u00bb title_text=\u00a0\u00bblogo eux impro\u00a0\u00bb _builder_version=\u00a0\u00bb4.14.7&Prime; _module_preset=\u00a0\u00bbdefault\u00a0\u00bb max_width=\u00a0\u00bb30%\u00a0\u00bb custom_padding=\u00a0\u00bb20px||||false|false\u00a0\u00bb hover_enabled=\u00a0\u00bb0&Prime; global_colors_info=\u00a0\u00bb{}\u00a0\u00bb sticky_enabled=\u00a0\u00bb0&Prime;][\/et_pb_image][et_pb_text _builder_version=\u00a0\u00bb4.14.7&Prime; _module_preset=\u00a0\u00bbdefault\u00a0\u00bb text_font=\u00a0\u00bbMontserrat|500|||||||\u00a0\u00bb text_font_size=\u00a0\u00bb13px\u00a0\u00bb text_line_height=\u00a0\u00bb1.4em\u00a0\u00bb text_orientation=\u00a0\u00bbjustified\u00a0\u00bb custom_margin=\u00a0\u00bb||70px||false|false\u00a0\u00bb custom_padding=\u00a0\u00bb14px||||false|false\u00a0\u00bb hover_enabled=\u00a0\u00bb0&Prime; global_colors_info=\u00a0\u00bb{}\u00a0\u00bb sticky_enabled=\u00a0\u00bb0&Prime;]<\/p>\n<div>Cr\u00e9\u00e9e en 2006, la Compagnie d&rsquo;Improvisation EUX a souhait\u00e9 sortir du cadre classique des matchs et cabarets d&rsquo;impro pour explorer les formes plus th\u00e9\u00e2trales de cet art de la cr\u00e9ation spontan\u00e9e. Notre pratique in\u00e9dite de l&rsquo;improvisation s&rsquo;est forg\u00e9e sur l&rsquo;audace, la cr\u00e9ation et l&rsquo;\u00e9change constant avec des artistes improvisateurs du monde entier.<\/div>\n<p>[\/et_pb_text][\/et_pb_column][\/et_pb_row][\/et_pb_section]<\/p>\n","protected":false},"excerpt":{"rendered":"<p>Les euxCoachs d&rsquo;Improvisation Th\u00e9\u00e2tralewww.euximpro.frfacebook.com\/euximproinstagram.com\/euximproCr\u00e9\u00e9e en 2006, la Compagnie d&rsquo;Improvisation EUX a souhait\u00e9 sortir du cadre classique des matchs et cabarets d&rsquo;impro pour explorer les formes plus th\u00e9\u00e2trales de cet art de la cr\u00e9ation spontan\u00e9e. Notre pratique in\u00e9dite de l&rsquo;improvisation s&rsquo;est forg\u00e9e sur l&rsquo;audace, la cr\u00e9ation et l&rsquo;\u00e9change constant avec des artistes improvisateurs du monde entier.<\/p>\n","protected":false},"author":1,"featured_media":0,"parent":0,"menu_order":0,"comment_status":"closed","ping_status":"closed","template":"","meta":{"_et_pb_use_builder":"on","_et_pb_old_content":"","_et_gb_content_width":"","om_disable_all_campaigns":false},"aioseo_notices":[],"_links":{"self":[{"href":"https:\/\/improlala.com\/index.php?rest_route=\/wp\/v2\/pages\/755"}],"collection":[{"href":"https:\/\/improlala.com\/index.php?rest_route=\/wp\/v2\/pages"}],"about":[{"href":"https:\/\/improlala.com\/index.php?rest_route=\/wp\/v2\/types\/page"}],"author":[{"embeddable":true,"href":"https:\/\/improlala.com\/index.php?rest_route=\/wp\/v2\/users\/1"}],"replies":[{"embeddable":true,"href":"https:\/\/improlala.com\/index.php?rest_route=%2Fwp%2Fv2%2Fcomments&post=755"}],"version-history":[{"count":3,"href":"https:\/\/improlala.com\/index.php?rest_route=\/wp\/v2\/pages\/755\/revisions"}],"predecessor-version":[{"id":768,"href":"https:\/\/improlala.com\/index.php?rest_route=\/wp\/v2\/pages\/755\/revisions\/768"}],"wp:attachment":[{"href":"https:\/\/improlala.com\/index.php?rest_route=%2Fwp%2Fv2%2Fmedia&parent=755"}],"curies":[{"name":"wp","href":"https:\/\/api.w.org\/{rel}","templated":true}]}}