{"id":320,"date":"2022-06-29T00:29:44","date_gmt":"2022-06-29T00:29:44","guid":{"rendered":"http:\/\/improlala.com\/?page_id=320"},"modified":"2025-06-05T08:45:46","modified_gmt":"2025-06-05T08:45:46","slug":"antoine","status":"publish","type":"page","link":"https:\/\/improlala.com\/?page_id=320","title":{"rendered":"Antoine"},"content":{"rendered":"<p>[et_pb_section fb_built=\u00a0\u00bb1&Prime; _builder_version=\u00a0\u00bb4.14.7&Prime; _module_preset=\u00a0\u00bbdefault\u00a0\u00bb global_colors_info=\u00a0\u00bb{}\u00a0\u00bb][et_pb_row _builder_version=\u00a0\u00bb4.14.7&Prime; _module_preset=\u00a0\u00bbdefault\u00a0\u00bb custom_padding=\u00a0\u00bb50px||||false|false\u00a0\u00bb global_colors_info=\u00a0\u00bb{}\u00a0\u00bb][et_pb_column type=\u00a0\u00bb4_4&Prime; _builder_version=\u00a0\u00bb4.14.7&Prime; _module_preset=\u00a0\u00bbdefault\u00a0\u00bb global_colors_info=\u00a0\u00bb{}\u00a0\u00bb][et_pb_text _builder_version=\u00a0\u00bb4.14.7&Prime; _module_preset=\u00a0\u00bbdefault\u00a0\u00bb text_font=\u00a0\u00bbMontserrat|700|||||||\u00a0\u00bb text_font_size=\u00a0\u00bb28px\u00a0\u00bb global_colors_info=\u00a0\u00bb{}\u00a0\u00bb]<\/p>\n<p>Antoine Lefort<\/p>\n<p>[\/et_pb_text][et_pb_text _builder_version=\u00a0\u00bb4.14.7&Prime; _module_preset=\u00a0\u00bbdefault\u00a0\u00bb text_font=\u00a0\u00bbMontserrat|500|||||||\u00a0\u00bb text_font_size=\u00a0\u00bb16px\u00a0\u00bb custom_padding=\u00a0\u00bb20px||||false|false\u00a0\u00bb locked=\u00a0\u00bboff\u00a0\u00bb global_colors_info=\u00a0\u00bb{}\u00a0\u00bb]<\/p>\n<p>Direction, coach d&rsquo;impro musicale<\/p>\n<p>[\/et_pb_text][et_pb_text _builder_version=\u00a0\u00bb4.14.7&Prime; _module_preset=\u00a0\u00bbdefault\u00a0\u00bb text_font=\u00a0\u00bbMontserrat|500|||||||\u00a0\u00bb text_font_size=\u00a0\u00bb15px\u00a0\u00bb custom_padding=\u00a0\u00bb15px||||false|false\u00a0\u00bb global_colors_info=\u00a0\u00bb{}\u00a0\u00bb]<\/p>\n<p><a href=\"http:\/\/www.antoinelefort.com\">www.antoinelefort.com<\/a><\/p>\n<p>[\/et_pb_text][et_pb_image src=\u00a0\u00bbhttp:\/\/improlala.com\/wp-content\/uploads\/2025\/06\/Shooting-Tonio-39-carre-scaled.jpg\u00a0\u00bb title_text=\u00a0\u00bbShooting Tonio (39) carr\u00e9\u00a0\u00bb _builder_version=\u00a0\u00bb4.14.7&Prime; _module_preset=\u00a0\u00bbdefault\u00a0\u00bb max_width=\u00a0\u00bb30%\u00a0\u00bb custom_padding=\u00a0\u00bb20px||||false|false\u00a0\u00bb hover_enabled=\u00a0\u00bb0&Prime; global_colors_info=\u00a0\u00bb{}\u00a0\u00bb sticky_enabled=\u00a0\u00bb0&Prime;][\/et_pb_image][et_pb_text _builder_version=\u00a0\u00bb4.14.7&Prime; _module_preset=\u00a0\u00bbdefault\u00a0\u00bb text_font=\u00a0\u00bbMontserrat|500|||||||\u00a0\u00bb text_font_size=\u00a0\u00bb13px\u00a0\u00bb text_line_height=\u00a0\u00bb1.4em\u00a0\u00bb text_orientation=\u00a0\u00bbjustified\u00a0\u00bb custom_margin=\u00a0\u00bb||60px||false|false\u00a0\u00bb custom_padding=\u00a0\u00bb14px||||false|false\u00a0\u00bb global_colors_info=\u00a0\u00bb{}\u00a0\u00bb]<\/p>\n<p>Antoine Lefort est pianiste, compositeur, orchestrateur, improvisateur, formateur, r\u00e9alisateur et producteur. Il vit \u00e0 Paris o\u00f9 il est n\u00e9 en 1978.<\/p>\n<p>Dipl\u00f4m\u00e9 de l\u2019IMEP Paris College of Music (ex-American School of Modern Music) et de l\u2019\u00c9cole Normale de Musique de Paris (classe de composition de musique de flm), il a suivi l\u2019enseignement de Larry BLANK en orchestration et de St\u00e9phane DELPLACE en harmonie classique.<\/p>\n<p>En tant qu\u2019orchestrateur, il a travaill\u00e9 pour de grands noms du chant lyrique : Julie Fuchs, Nadine Sierra, Pretty Yende ou Marie Perbost mais aussi de la vari\u00e9t\u00e9 fran\u00e7aise : Michel Jonasz, Julie Zenatti, Emmanuel Moire&#8230;<\/p>\n<p>Ses orchestrations ont \u00e9t\u00e9 jou\u00e9es \u00e0 la Philharmonie de Paris, au Th\u00e9\u00e2tre du Ch\u00e2telet, au Th\u00e9\u00e2tre Mogador, \u00e0 L&rsquo;Olympia, au Palais des Congr\u00e8s, au D\u00f4me de Marseille&#8230;et interpr\u00e9t\u00e9es par de grands orchestres fran\u00e7ais comme l\u2019Orchestre national de Lille, l&rsquo;Orchestre national de Bretagne, l\u2019Orchestre Pasdeloup ou l\u2019Orchestre des Frivolit\u00e9s Parisiennes.<\/p>\n<p>Pianiste, il participe \u00e0 de nombreux spectacles de th\u00e9\u00e2tre musical et d\u2019improvisation th\u00e9\u00e2trale : NEW la Com\u00e9die Musicale Improvis\u00e9e au Grand Point Virgule (spectacle dont il fut le co-directeur artistique), Chambre 113 la com\u00e9die musicale, Hymne \u00e0<br \/>Piaf, L\u2019Exp\u00e9rience Inoubliable, Noey\u2019s Pocket show, The Improfessionals Show, Mark Jane\u2019s Trio, Histoire \u00c9ph\u00e9m\u00e8re et Vice Versa avec Thierry Bilisko&#8230;<br \/>Il a r\u00e9guli\u00e8rement accompagn\u00e9 la chanteuse Caroline Nin \u00e0 Paris, Londres et New-York, la troupe du petit th\u00e9\u00e2tre de chez Maxim\u2019s, les ensembles vocaux Gospel Project et Les Nanas dans l\u2019R\u00e9tro.<\/p>\n<p>Il arrange r\u00e9guli\u00e8rement pour le choeur Spectacul\u2019Art, la plus grande chorale de France (2000 choristes), le Paris Soul Orchestra et \u00e9crit \u00e9galement pour l\u2019image (notamment pour le parc Shanghai Disney Resort) et le th\u00e9\u00e2tre pour jeune public.<\/p>\n<p>Il a compos\u00e9 la partition de Little Italy, une com\u00e9die musicale \u00e9crite pour 5 com\u00e9diens chanteurs atteints de troubles du spectre autistique et son second spectacle musical, Fan de Chichoune (enti\u00e8rement chant\u00e9), a \u00e9t\u00e9 cr\u00e9\u00e9 en novembre 2019 et repr\u00e9sent\u00e9 de<br \/>nombreuses fois \u00e0 travers la France.<\/p>\n<p>En juin 2013, il r\u00e9alise Grandma, son premier court-m\u00e9trage musical dont il compose aussi la musique. Le flm obtient le 2e prix du concours \u00ab Hommage \u00e0 Jacques Demy \u00bb organis\u00e9 par la Cin\u00e9math\u00e8que fran\u00e7aise.<br \/>En 2022 il r\u00e9alise Fast Car avec Emmanuel Quatra dans le r\u00f4le principal.<br \/>P\u00e9dagogue, il dispense des formations de chansons et de com\u00e9die musicale improvis\u00e9es aupr\u00e8s de nombreuses ligues et troupes d\u2019improvisation th\u00e9\u00e2trale dans toute la France, en Belgique et en Suisse depuis 2015.<br \/>En 2022, il cr\u00e9\u00e9 Impro Lala, l\u2019\u00e9cole de com\u00e9die musicale improvis\u00e9e \u00e0 Paris.<\/p>\n<p>Il est \u00e9galement intervenu pendant 10 ans dans des structures d\u2019accueil de personnes en situation de handicap mental, donnant des cours de piano et de basse \u00e9lectrique, menant des ateliers de pratique instrumentale collective et de cr\u00e9ation de com\u00e9dies<br \/>musicales.<\/p>\n<p>En 2021, il fonde le label de musiques actuelles Karant9 Pas et produit le projet d\u2019\u00e9lectro pop urbaine, G\u00e9n\u00e9rale Pery, avec la chanteuse auteure Perrine Megret, sur lequel il est \u00e9galement beatmaker. Leur 1er EP \u00e9ponyme est sorti le 12 mai 2023.<\/p>\n<p>[\/et_pb_text][\/et_pb_column][\/et_pb_row][\/et_pb_section]<\/p>\n","protected":false},"excerpt":{"rendered":"<p>Antoine LefortDirection, coach d&rsquo;impro musicalewww.antoinelefort.comAntoine Lefort est pianiste, compositeur, orchestrateur, improvisateur, formateur, r\u00e9alisateur et producteur. Il vit \u00e0 Paris o\u00f9 il est n\u00e9 en 1978. Dipl\u00f4m\u00e9 de l\u2019IMEP Paris College of Music (ex-American School of Modern Music) et de l\u2019\u00c9cole Normale de Musique de Paris (classe de composition de musique de flm), il a suivi [&hellip;]<\/p>\n","protected":false},"author":1,"featured_media":0,"parent":0,"menu_order":0,"comment_status":"closed","ping_status":"closed","template":"","meta":{"_et_pb_use_builder":"on","_et_pb_old_content":"","_et_gb_content_width":"","om_disable_all_campaigns":false},"aioseo_notices":[],"_links":{"self":[{"href":"https:\/\/improlala.com\/index.php?rest_route=\/wp\/v2\/pages\/320"}],"collection":[{"href":"https:\/\/improlala.com\/index.php?rest_route=\/wp\/v2\/pages"}],"about":[{"href":"https:\/\/improlala.com\/index.php?rest_route=\/wp\/v2\/types\/page"}],"author":[{"embeddable":true,"href":"https:\/\/improlala.com\/index.php?rest_route=\/wp\/v2\/users\/1"}],"replies":[{"embeddable":true,"href":"https:\/\/improlala.com\/index.php?rest_route=%2Fwp%2Fv2%2Fcomments&post=320"}],"version-history":[{"count":9,"href":"https:\/\/improlala.com\/index.php?rest_route=\/wp\/v2\/pages\/320\/revisions"}],"predecessor-version":[{"id":1508,"href":"https:\/\/improlala.com\/index.php?rest_route=\/wp\/v2\/pages\/320\/revisions\/1508"}],"wp:attachment":[{"href":"https:\/\/improlala.com\/index.php?rest_route=%2Fwp%2Fv2%2Fmedia&parent=320"}],"curies":[{"name":"wp","href":"https:\/\/api.w.org\/{rel}","templated":true}]}}