{"id":1255,"date":"2024-06-12T12:38:45","date_gmt":"2024-06-12T12:38:45","guid":{"rendered":"https:\/\/improlala.com\/?page_id=1255"},"modified":"2025-06-05T08:46:12","modified_gmt":"2025-06-05T08:46:12","slug":"eric","status":"publish","type":"page","link":"https:\/\/improlala.com\/?page_id=1255","title":{"rendered":"Eric"},"content":{"rendered":"<p>[et_pb_section fb_built=\u00a0\u00bb1&Prime; _builder_version=\u00a0\u00bb4.14.7&Prime; _module_preset=\u00a0\u00bbdefault\u00a0\u00bb global_colors_info=\u00a0\u00bb{}\u00a0\u00bb][et_pb_row _builder_version=\u00a0\u00bb4.14.7&Prime; _module_preset=\u00a0\u00bbdefault\u00a0\u00bb custom_padding=\u00a0\u00bb50px||||false|false\u00a0\u00bb global_colors_info=\u00a0\u00bb{}\u00a0\u00bb][et_pb_column type=\u00a0\u00bb4_4&Prime; _builder_version=\u00a0\u00bb4.14.7&Prime; _module_preset=\u00a0\u00bbdefault\u00a0\u00bb global_colors_info=\u00a0\u00bb{}\u00a0\u00bb][et_pb_text _builder_version=\u00a0\u00bb4.14.7&Prime; _module_preset=\u00a0\u00bbdefault\u00a0\u00bb text_font=\u00a0\u00bbMontserrat|700|||||||\u00a0\u00bb text_font_size=\u00a0\u00bb28px\u00a0\u00bb global_colors_info=\u00a0\u00bb{}\u00a0\u00bb]<\/p>\n<p>Eric Barbedor<\/p>\n<p>[\/et_pb_text][et_pb_text _builder_version=\u00a0\u00bb4.14.7&Prime; _module_preset=\u00a0\u00bbdefault\u00a0\u00bb text_font=\u00a0\u00bbMontserrat|500|||||||\u00a0\u00bb text_font_size=\u00a0\u00bb16px\u00a0\u00bb custom_padding=\u00a0\u00bb20px||||false|false\u00a0\u00bb locked=\u00a0\u00bboff\u00a0\u00bb global_colors_info=\u00a0\u00bb{}\u00a0\u00bb]<\/p>\n<p>Coach d&rsquo;impro musicale<\/p>\n<p>[\/et_pb_text][et_pb_image src=\u00a0\u00bbhttp:\/\/improlala.com\/wp-content\/uploads\/2025\/06\/Eric-Barbedor-Carre.jpeg\u00a0\u00bb title_text=\u00a0\u00bbEric Barbedor Carr\u00e9\u00a0\u00bb _builder_version=\u00a0\u00bb4.14.7&Prime; _module_preset=\u00a0\u00bbdefault\u00a0\u00bb max_width=\u00a0\u00bb30%\u00a0\u00bb custom_padding=\u00a0\u00bb20px||||false|false\u00a0\u00bb hover_enabled=\u00a0\u00bb0&Prime; global_colors_info=\u00a0\u00bb{}\u00a0\u00bb sticky_enabled=\u00a0\u00bb0&Prime;][\/et_pb_image][et_pb_text _builder_version=\u00a0\u00bb4.14.7&Prime; _module_preset=\u00a0\u00bbdefault\u00a0\u00bb text_font=\u00a0\u00bbMontserrat|500|||||||\u00a0\u00bb text_font_size=\u00a0\u00bb13px\u00a0\u00bb text_line_height=\u00a0\u00bb1.4em\u00a0\u00bb text_orientation=\u00a0\u00bbjustified\u00a0\u00bb custom_margin=\u00a0\u00bb||60px||false|false\u00a0\u00bb custom_padding=\u00a0\u00bb14px||||false|false\u00a0\u00bb global_colors_info=\u00a0\u00bb{}\u00a0\u00bb]<\/p>\n<div>\n<div>\n<div class=\"im\">\n<div class=\"gmail_quote\">\n<div dir=\"ltr\">\n<p><span style=\"font-size: 13px;\">Eric Barbedor a commenc\u00e9 la musique \u00e0 l&rsquo;\u00e2ge de 7 ans en apprenant la guitare et le solf\u00e8ge en \u00e9cole de musique pendant plusieurs ann\u00e9es, jusqu&rsquo;\u00e0 passer des cycles au conservatoire. Passionn\u00e9 de cr\u00e9ation musicale, il a mont\u00e9 plusieurs projets musicaux dans des r\u00e9pertoires vari\u00e9s et se produit aujourd&rsquo;hui avec le<\/span><span style=\"font-size: 13px;\">\u00a0<\/span><span style=\"font-size: 13px;\">groupe \u00ab\u00a0Across<\/span><span style=\"font-size: 13px;\">\u00a0<\/span><span style=\"font-size: 13px;\">The<\/span><span style=\"font-size: 13px;\">\u00a0<\/span><span style=\"font-size: 13px;\">Seine\u00a0\u00bb<\/span><span style=\"font-size: 13px;\">, qu&rsquo;il a<\/span><span style=\"font-size: 13px;\">\u00a0<\/span><span style=\"font-size: 13px;\">co-fond\u00e9<\/span><span style=\"font-size: 13px;\">\u00a0<\/span><span style=\"font-size: 13px;\">et dans lequel il compose et chante.<\/span><\/p>\n<p>Eric pratique l&rsquo;improvisation th\u00e9\u00e2trale depuis 2011. Com\u00e9dien improvisateur sur sc\u00e8ne, il a commenc\u00e9 \u00e0 utiliser ses talents musicaux pour accompagner des spectacles d&rsquo;improvisation,<span>\u00a0<\/span><span>comme \u00ab\u00a0Le<\/span><span>\u00a0<\/span><span>Fauteuil\u00a0\u00bb de<\/span><span>\u00a0<\/span>Smoking Sofa. Il a ensuite d\u00e9couvert la Com\u00e9die Musicale Improvis\u00e9e avec Antoine Lefort, et ce fut pour lui une r\u00e9v\u00e9lation instantan\u00e9e, fusionnant ses deux grandes passions : la musique et l&rsquo;improvisation. Apr\u00e8s avoir suivi le cursus complet de New, il a rejoint Impro Lala d\u00e8s sa cr\u00e9ation.<\/p>\n<p><span style=\"font-size: 13px;\">En dehors de la sc\u00e8ne, Eric est \u00e9galement concepteur et auteur d&rsquo;exp\u00e9riences immersives ainsi que graphiste, des domaines dans lesquels il exprime pleinement sa cr\u00e9ativit\u00e9.<\/span><\/p>\n<p><span style=\"font-size: 13px;\">Passionn\u00e9 par la transmission de son savoir-faire, il est tr\u00e8s enthousiaste \u00e0 l&rsquo;id\u00e9e de partager non seulement ses comp\u00e9tences techniques, mais aussi la philosophie positive de l&rsquo;improvisation qu&rsquo;il partage avec Antoine Lefort.<\/span><\/p>\n<\/div>\n<\/div>\n<\/div>\n<\/div>\n<\/div>\n<p>&nbsp;<\/p>\n<p>[\/et_pb_text][\/et_pb_column][\/et_pb_row][\/et_pb_section]<\/p>\n","protected":false},"excerpt":{"rendered":"<p>Eric BarbedorCoach d&rsquo;impro musicale Eric Barbedor a commenc\u00e9 la musique \u00e0 l&rsquo;\u00e2ge de 7 ans en apprenant la guitare et le solf\u00e8ge en \u00e9cole de musique pendant plusieurs ann\u00e9es, jusqu&rsquo;\u00e0 passer des cycles au conservatoire. Passionn\u00e9 de cr\u00e9ation musicale, il a mont\u00e9 plusieurs projets musicaux dans des r\u00e9pertoires vari\u00e9s et se produit aujourd&rsquo;hui avec le\u00a0groupe [&hellip;]<\/p>\n","protected":false},"author":1,"featured_media":0,"parent":0,"menu_order":0,"comment_status":"closed","ping_status":"closed","template":"","meta":{"_et_pb_use_builder":"on","_et_pb_old_content":"","_et_gb_content_width":"","om_disable_all_campaigns":false},"aioseo_notices":[],"_links":{"self":[{"href":"https:\/\/improlala.com\/index.php?rest_route=\/wp\/v2\/pages\/1255"}],"collection":[{"href":"https:\/\/improlala.com\/index.php?rest_route=\/wp\/v2\/pages"}],"about":[{"href":"https:\/\/improlala.com\/index.php?rest_route=\/wp\/v2\/types\/page"}],"author":[{"embeddable":true,"href":"https:\/\/improlala.com\/index.php?rest_route=\/wp\/v2\/users\/1"}],"replies":[{"embeddable":true,"href":"https:\/\/improlala.com\/index.php?rest_route=%2Fwp%2Fv2%2Fcomments&post=1255"}],"version-history":[{"count":4,"href":"https:\/\/improlala.com\/index.php?rest_route=\/wp\/v2\/pages\/1255\/revisions"}],"predecessor-version":[{"id":1509,"href":"https:\/\/improlala.com\/index.php?rest_route=\/wp\/v2\/pages\/1255\/revisions\/1509"}],"wp:attachment":[{"href":"https:\/\/improlala.com\/index.php?rest_route=%2Fwp%2Fv2%2Fmedia&parent=1255"}],"curies":[{"name":"wp","href":"https:\/\/api.w.org\/{rel}","templated":true}]}}